{"id":289,"date":"2024-12-09T11:07:42","date_gmt":"2024-12-09T09:07:42","guid":{"rendered":"https:\/\/artomerisalo.fi\/arbetslivserfarenhet\/"},"modified":"2025-09-30T13:17:28","modified_gmt":"2025-09-30T10:17:28","slug":"arbetslivserfarenhet","status":"publish","type":"page","link":"https:\/\/artomerisalo.fi\/sv\/arbetslivserfarenhet\/","title":{"rendered":"Arbetslivserfarenhet"},"content":{"rendered":"<p>[et_pb_section fb_built=&#8221;1&#8243; fullwidth=&#8221;on&#8221; admin_label=&#8221;Header&#8221; _builder_version=&#8221;4.27.4&#8243; background_enable_color=&#8221;off&#8221; background_image=&#8221;http:\/\/artomerisalo.fi\/wp-content\/uploads\/2024\/12\/Tyohistoria-kansikuva.jpg&#8221; custom_padding=&#8221;0px|0|0px|0px|false|false&#8221; global_colors_info=&#8221;{}&#8221;][et_pb_fullwidth_header title=&#8221;Arbetslivserfarenhet&#8221; text_orientation=&#8221;center&#8221; content_max_width=&#8221;99%&#8221; admin_label=&#8221;Fullwidth Header&#8221; _builder_version=&#8221;4.27.4&#8243; title_font=&#8221;Merriweather||||||||&#8221; title_text_align=&#8221;center&#8221; title_font_size=&#8221;80px&#8221; title_line_height=&#8221;1.4em&#8221; content_font=&#8221;Open Sans||||||||&#8221; content_text_align=&#8221;center&#8221; content_font_size=&#8221;18px&#8221; content_line_height=&#8221;1.8em&#8221; background_color=&#8221;rgba(0,0,0,0)&#8221; use_background_color_gradient=&#8221;on&#8221; background_color_gradient_direction=&#8221;140deg&#8221; background_color_gradient_stops=&#8221;rgba(0,0,0,0.75) 0%|rgba(80,103,147,0.5) 100%&#8221; background_color_gradient_start=&#8221;rgba(0,0,0,0.9)&#8221; background_color_gradient_end=&#8221;rgba(80,103,147,0.5)&#8221; background_image=&#8221;http:\/\/artomerisalo.fi\/wp-content\/uploads\/2023\/04\/venture_02.png&#8221; custom_button_one=&#8221;on&#8221; button_one_text_size=&#8221;14px&#8221; button_one_bg_color=&#8221;#ff6d29&#8243; button_one_border_color=&#8221;rgba(0,0,0,0)&#8221; button_one_border_radius=&#8221;0px&#8221; button_one_letter_spacing=&#8221;1px&#8221; button_one_font=&#8221;|700||on|||||&#8221; button_one_custom_padding=&#8221;16px|28px|16px|28px|true|true&#8221; custom_button_two=&#8221;on&#8221; button_two_text_size=&#8221;14px&#8221; button_two_border_width=&#8221;2px&#8221; button_two_border_radius=&#8221;0px&#8221; button_two_letter_spacing=&#8221;1px&#8221; button_two_font=&#8221;|700||on|||||&#8221; button_two_custom_padding=&#8221;16px|28px|16px|28px|true|true&#8221; width=&#8221;100%&#8221; max_width=&#8221;100%&#8221; custom_margin=&#8221;|||&#8221; custom_padding=&#8221;10vw||10vw||true&#8221; custom_padding_tablet=&#8221;100px||100px||true&#8221; custom_padding_phone=&#8221;|||&#8221; custom_padding_last_edited=&#8221;on|desktop&#8221; title_font_size_tablet=&#8221;54px&#8221; title_font_size_phone=&#8221;34px&#8221; title_font_size_last_edited=&#8221;on|phone&#8221; content_font_size_tablet=&#8221;&#8221; content_font_size_phone=&#8221;16px&#8221; content_font_size_last_edited=&#8221;on|phone&#8221; custom_css_header_container=&#8221;max-width: 1280px;||width: 100%;&#8221; button_one_border_color_hover=&#8221;#ff8a3d&#8221; button_one_border_radius_hover=&#8221;100px&#8221; button_one_letter_spacing_hover=&#8221;5px&#8221; button_one_bg_color_hover=&#8221;#ff8a3d&#8221; global_colors_info=&#8221;{}&#8221; button_one_text_size__hover_enabled=&#8221;off&#8221; button_two_text_size__hover_enabled=&#8221;off&#8221; button_one_text_color__hover_enabled=&#8221;off&#8221; button_two_text_color__hover_enabled=&#8221;off&#8221; button_one_border_width__hover_enabled=&#8221;off&#8221; button_two_border_width__hover_enabled=&#8221;off&#8221; button_one_border_color__hover_enabled=&#8221;off&#8221; button_one_border_color__hover=&#8221;#ff8a3d&#8221; button_two_border_color__hover_enabled=&#8221;off&#8221; button_one_border_radius__hover_enabled=&#8221;off&#8221; button_one_border_radius__hover=&#8221;100px&#8221; button_two_border_radius__hover_enabled=&#8221;off&#8221; button_one_letter_spacing__hover_enabled=&#8221;off&#8221; button_one_letter_spacing__hover=&#8221;5px&#8221; button_two_letter_spacing__hover_enabled=&#8221;off&#8221; button_one_bg_color__hover_enabled=&#8221;off&#8221; button_one_bg_color__hover=&#8221;#ff8a3d&#8221; button_two_bg_color__hover_enabled=&#8221;off&#8221;][\/et_pb_fullwidth_header][\/et_pb_section][et_pb_section fb_built=&#8221;1&#8243; admin_label=&#8221;Logos&#8221; _builder_version=&#8221;4.27.2&#8243; background_image=&#8221;http:\/\/artomerisalo.fi\/wp-content\/uploads\/2023\/04\/venture_09.png&#8221; z_index=&#8221;1&#8243; custom_margin=&#8221;||3px|||&#8221; custom_padding=&#8221;||110px|||&#8221; bottom_divider_style=&#8221;graph4&#8243; bottom_divider_color=&#8221;#B3B3B3&#8243; global_colors_info=&#8221;{}&#8221;][et_pb_row column_structure=&#8221;1_2,1_2&#8243; _builder_version=&#8221;4.27.4&#8243; _module_preset=&#8221;default&#8221; global_colors_info=&#8221;{}&#8221;][et_pb_column type=&#8221;1_2&#8243; _builder_version=&#8221;4.27.4&#8243; _module_preset=&#8221;default&#8221; global_colors_info=&#8221;{}&#8221;][et_pb_text _builder_version=&#8221;4.27.4&#8243; _module_preset=&#8221;default&#8221; text_font_size=&#8221;16px&#8221; hover_enabled=&#8221;0&#8243; global_colors_info=&#8221;{}&#8221; sticky_enabled=&#8221;0&#8243;]<\/p>\n<p>Arto Merisalo \u00e4r en m\u00e5ng\u00e5rig aff\u00e4rsutvecklare som har gjort en betydande <strong>karri\u00e4r, s\u00e4rskilt inom fastighets-, f\u00f6rs\u00e4ljnings- och marknadsf\u00f6ringssektorerna,<\/strong> <strong>samt inom aff\u00e4rsr\u00e5dgivning och f\u00f6retagsomstrukturering.<\/strong> Den r\u00f6da tr\u00e5den i hans karri\u00e4r har varit f\u00f6rm\u00e5gan att ta tillvara nya m\u00f6jligheter och skapa och tillf\u00f6ra merv\u00e4rde i projekt som kombinerar innovation och praktiska egenskaper. Artos arbetslivserfarenhet str\u00e4cker sig fr\u00e5n strategiska ledningspositioner till att starta och utveckla eget f\u00f6retag, inklusive erfarenheter av krissituationer, misslyckanden och f\u00f6rluster. Hans yrkeskunskaper bygger p\u00e5 m\u00e5ngsidig erfarenhet fr\u00e5n olika delar av n\u00e4ringslivet och social p\u00e5verkan, samt starka n\u00e4tverk inom olika samh\u00e4llssektorer. Framg\u00e5ngar och misslyckanden, vinster och f\u00f6rluster, allt detta skapar grunden f\u00f6r stark och intuitiv verksamhet och expertis.    <\/p>\n<p>[\/et_pb_text][\/et_pb_column][et_pb_column type=&#8221;1_2&#8243; _builder_version=&#8221;4.27.4&#8243; _module_preset=&#8221;default&#8221; global_colors_info=&#8221;{}&#8221;][et_pb_image src=&#8221;http:\/\/artomerisalo.fi\/wp-content\/uploads\/2024\/12\/WhatsApp-Image-2024-02-16-at-14.27.21_36a44b06.jpg&#8221; alt=&#8221;Arto Merisalo autossa&#8221; title_text=&#8221;Arto Merisalo autossa&#8221; _builder_version=&#8221;4.27.4&#8243; _module_preset=&#8221;default&#8221; global_colors_info=&#8221;{}&#8221;][\/et_pb_image][\/et_pb_column][\/et_pb_row][et_pb_row _builder_version=&#8221;4.27.4&#8243; _module_preset=&#8221;default&#8221; custom_padding=&#8221;44px|||||&#8221;][et_pb_column _builder_version=&#8221;4.27.4&#8243; _module_preset=&#8221;default&#8221; type=&#8221;4_4&#8243;][et_pb_text _builder_version=&#8221;4.27.4&#8243; _module_preset=&#8221;default&#8221; hover_enabled=&#8221;0&#8243; sticky_enabled=&#8221;0&#8243; text_font_size=&#8221;16px&#8221;]<\/p>\n<p style=\"text-align: center;\">Du hittar en omfattande lista \u00f6ver Artos arbetshistorik p\u00e5 hans <strong><a href=\"https:\/\/www.linkedin.com\/in\/arto-merisalo-20760739\/details\/experience\/?locale=fi_FI\" data-saferedirecturl=\"https:\/\/www.google.com\/url?q=https:\/\/www.linkedin.com\/in\/arto-merisalo-20760739\/details\/experience\/?locale%3Dfi_FI&amp;source=gmail&amp;ust=1759215201907000&amp;usg=AOvVaw1TljJYbKHF1m-yT_1ZJAWq\">LinkedIn-profil.<\/a><\/strong><\/p>\n<p>[\/et_pb_text][\/et_pb_column][\/et_pb_row][\/et_pb_section][et_pb_section fb_built=&#8221;1&#8243; disabled_on=&#8221;on|on|on&#8221; admin_label=&#8221;Project&#8221; _builder_version=&#8221;4.20.4&#8243; min_height=&#8221;36px&#8221; custom_margin=&#8221;||-93px|||&#8221; custom_padding=&#8221;0px||0px||false|false&#8221; disabled=&#8221;on&#8221; locked=&#8221;off&#8221; global_colors_info=&#8221;{}&#8221;][\/et_pb_section]<\/p>\n","protected":false},"excerpt":{"rendered":"<p>Arto Merisalo \u00e4r en m\u00e5ng\u00e5rig aff\u00e4rsutvecklare som har gjort en betydande karri\u00e4r, s\u00e4rskilt inom fastighets-, f\u00f6rs\u00e4ljnings- och marknadsf\u00f6ringssektorerna, samt inom aff\u00e4rsr\u00e5dgivning och f\u00f6retagsomstrukturering. Den r\u00f6da tr\u00e5den i hans karri\u00e4r har varit f\u00f6rm\u00e5gan att ta tillvara nya m\u00f6jligheter och skapa och tillf\u00f6ra merv\u00e4rde i projekt som kombinerar innovation och praktiska egenskaper. Artos arbetslivserfarenhet str\u00e4cker sig fr\u00e5n [&hellip;]<\/p>\n","protected":false},"author":1,"featured_media":227,"parent":0,"menu_order":0,"comment_status":"closed","ping_status":"closed","template":"","meta":{"_et_pb_use_builder":"on","_et_pb_old_content":"","_et_gb_content_width":"","footnotes":""},"class_list":["post-289","page","type-page","status-publish","has-post-thumbnail","hentry"],"yoast_head":"<!-- This site is optimized with the Yoast SEO plugin v27.4 - https:\/\/yoast.com\/product\/yoast-seo-wordpress\/ -->\n<title>Artomerisalo.fi - Arbetslivserfarenhet<\/title>\n<meta name=\"description\" content=\"Artos arbetslivserfarenhet str\u00e4cker sig fr\u00e5n strategiska ledningspositioner till att starta och utveckla eget f\u00f6retag, och hans yrkeskunskaper bygger p\u00e5 m\u00e5ngsidig erfarenhet fr\u00e5n olika delar av n\u00e4ringslivet.\" \/>\n<meta name=\"robots\" content=\"index, follow, max-snippet:-1, max-image-preview:large, max-video-preview:-1\" \/>\n<link rel=\"canonical\" href=\"https:\/\/artomerisalo.fi\/sv\/arbetslivserfarenhet\/\" \/>\n<meta property=\"og:locale\" content=\"sv_SE\" \/>\n<meta property=\"og:type\" content=\"article\" \/>\n<meta property=\"og:title\" content=\"Artomerisalo.fi - Arbetslivserfarenhet\" \/>\n<meta property=\"og:description\" content=\"Artos arbetslivserfarenhet str\u00e4cker sig fr\u00e5n strategiska ledningspositioner till att starta och utveckla eget f\u00f6retag, och hans yrkeskunskaper bygger p\u00e5 m\u00e5ngsidig erfarenhet fr\u00e5n olika delar av n\u00e4ringslivet.\" \/>\n<meta property=\"og:url\" content=\"https:\/\/artomerisalo.fi\/sv\/arbetslivserfarenhet\/\" \/>\n<meta property=\"og:site_name\" content=\"Artomerisalo.fi\" \/>\n<meta property=\"article:modified_time\" content=\"2025-09-30T10:17:28+00:00\" \/>\n<meta property=\"og:image\" content=\"https:\/\/artomerisalo.fi\/wp-content\/uploads\/2025\/09\/arto-merisalo_feature-image.jpg\" \/>\n\t<meta property=\"og:image:width\" content=\"1200\" \/>\n\t<meta property=\"og:image:height\" content=\"630\" \/>\n\t<meta property=\"og:image:type\" content=\"image\/jpeg\" \/>\n<meta name=\"twitter:card\" content=\"summary_large_image\" \/>\n<meta name=\"twitter:label1\" content=\"Ber\u00e4knad l\u00e4stid\" \/>\n\t<meta name=\"twitter:data1\" content=\"4 minuter\" \/>\n<script type=\"application\/ld+json\" class=\"yoast-schema-graph\">{\"@context\":\"https:\\\/\\\/schema.org\",\"@graph\":[{\"@type\":\"WebPage\",\"@id\":\"https:\\\/\\\/artomerisalo.fi\\\/sv\\\/arbetslivserfarenhet\\\/\",\"url\":\"https:\\\/\\\/artomerisalo.fi\\\/sv\\\/arbetslivserfarenhet\\\/\",\"name\":\"Artomerisalo.fi - Arbetslivserfarenhet\",\"isPartOf\":{\"@id\":\"https:\\\/\\\/artomerisalo.fi\\\/sv\\\/#website\"},\"primaryImageOfPage\":{\"@id\":\"https:\\\/\\\/artomerisalo.fi\\\/sv\\\/arbetslivserfarenhet\\\/#primaryimage\"},\"image\":{\"@id\":\"https:\\\/\\\/artomerisalo.fi\\\/sv\\\/arbetslivserfarenhet\\\/#primaryimage\"},\"thumbnailUrl\":\"https:\\\/\\\/artomerisalo.fi\\\/wp-content\\\/uploads\\\/2025\\\/09\\\/arto-merisalo_feature-image.jpg\",\"datePublished\":\"2024-12-09T09:07:42+00:00\",\"dateModified\":\"2025-09-30T10:17:28+00:00\",\"description\":\"Artos arbetslivserfarenhet str\u00e4cker sig fr\u00e5n strategiska ledningspositioner till att starta och utveckla eget f\u00f6retag, och hans yrkeskunskaper bygger p\u00e5 m\u00e5ngsidig erfarenhet fr\u00e5n olika delar av n\u00e4ringslivet.\",\"breadcrumb\":{\"@id\":\"https:\\\/\\\/artomerisalo.fi\\\/sv\\\/arbetslivserfarenhet\\\/#breadcrumb\"},\"inLanguage\":\"sv-SE\",\"potentialAction\":[{\"@type\":\"ReadAction\",\"target\":[\"https:\\\/\\\/artomerisalo.fi\\\/sv\\\/arbetslivserfarenhet\\\/\"]}]},{\"@type\":\"ImageObject\",\"inLanguage\":\"sv-SE\",\"@id\":\"https:\\\/\\\/artomerisalo.fi\\\/sv\\\/arbetslivserfarenhet\\\/#primaryimage\",\"url\":\"https:\\\/\\\/artomerisalo.fi\\\/wp-content\\\/uploads\\\/2025\\\/09\\\/arto-merisalo_feature-image.jpg\",\"contentUrl\":\"https:\\\/\\\/artomerisalo.fi\\\/wp-content\\\/uploads\\\/2025\\\/09\\\/arto-merisalo_feature-image.jpg\",\"width\":1200,\"height\":630},{\"@type\":\"BreadcrumbList\",\"@id\":\"https:\\\/\\\/artomerisalo.fi\\\/sv\\\/arbetslivserfarenhet\\\/#breadcrumb\",\"itemListElement\":[{\"@type\":\"ListItem\",\"position\":1,\"name\":\"Etusivu\",\"item\":\"https:\\\/\\\/artomerisalo.fi\\\/sv\\\/hem\\\/\"},{\"@type\":\"ListItem\",\"position\":2,\"name\":\"Arbetslivserfarenhet\"}]},{\"@type\":\"WebSite\",\"@id\":\"https:\\\/\\\/artomerisalo.fi\\\/sv\\\/#website\",\"url\":\"https:\\\/\\\/artomerisalo.fi\\\/sv\\\/\",\"name\":\"Artomerisalo.fi\",\"description\":\"Kiinteist\u00f6kehityksen asiantuntija\",\"potentialAction\":[{\"@type\":\"SearchAction\",\"target\":{\"@type\":\"EntryPoint\",\"urlTemplate\":\"https:\\\/\\\/artomerisalo.fi\\\/sv\\\/?s={search_term_string}\"},\"query-input\":{\"@type\":\"PropertyValueSpecification\",\"valueRequired\":true,\"valueName\":\"search_term_string\"}}],\"inLanguage\":\"sv-SE\"}]}<\/script>\n<!-- \/ Yoast SEO plugin. -->","yoast_head_json":{"title":"Artomerisalo.fi - Arbetslivserfarenhet","description":"Artos arbetslivserfarenhet str\u00e4cker sig fr\u00e5n strategiska ledningspositioner till att starta och utveckla eget f\u00f6retag, och hans yrkeskunskaper bygger p\u00e5 m\u00e5ngsidig erfarenhet fr\u00e5n olika delar av n\u00e4ringslivet.","robots":{"index":"index","follow":"follow","max-snippet":"max-snippet:-1","max-image-preview":"max-image-preview:large","max-video-preview":"max-video-preview:-1"},"canonical":"https:\/\/artomerisalo.fi\/sv\/arbetslivserfarenhet\/","og_locale":"sv_SE","og_type":"article","og_title":"Artomerisalo.fi - Arbetslivserfarenhet","og_description":"Artos arbetslivserfarenhet str\u00e4cker sig fr\u00e5n strategiska ledningspositioner till att starta och utveckla eget f\u00f6retag, och hans yrkeskunskaper bygger p\u00e5 m\u00e5ngsidig erfarenhet fr\u00e5n olika delar av n\u00e4ringslivet.","og_url":"https:\/\/artomerisalo.fi\/sv\/arbetslivserfarenhet\/","og_site_name":"Artomerisalo.fi","article_modified_time":"2025-09-30T10:17:28+00:00","og_image":[{"width":1200,"height":630,"url":"https:\/\/artomerisalo.fi\/wp-content\/uploads\/2025\/09\/arto-merisalo_feature-image.jpg","type":"image\/jpeg"}],"twitter_card":"summary_large_image","twitter_misc":{"Ber\u00e4knad l\u00e4stid":"4 minuter"},"schema":{"@context":"https:\/\/schema.org","@graph":[{"@type":"WebPage","@id":"https:\/\/artomerisalo.fi\/sv\/arbetslivserfarenhet\/","url":"https:\/\/artomerisalo.fi\/sv\/arbetslivserfarenhet\/","name":"Artomerisalo.fi - Arbetslivserfarenhet","isPartOf":{"@id":"https:\/\/artomerisalo.fi\/sv\/#website"},"primaryImageOfPage":{"@id":"https:\/\/artomerisalo.fi\/sv\/arbetslivserfarenhet\/#primaryimage"},"image":{"@id":"https:\/\/artomerisalo.fi\/sv\/arbetslivserfarenhet\/#primaryimage"},"thumbnailUrl":"https:\/\/artomerisalo.fi\/wp-content\/uploads\/2025\/09\/arto-merisalo_feature-image.jpg","datePublished":"2024-12-09T09:07:42+00:00","dateModified":"2025-09-30T10:17:28+00:00","description":"Artos arbetslivserfarenhet str\u00e4cker sig fr\u00e5n strategiska ledningspositioner till att starta och utveckla eget f\u00f6retag, och hans yrkeskunskaper bygger p\u00e5 m\u00e5ngsidig erfarenhet fr\u00e5n olika delar av n\u00e4ringslivet.","breadcrumb":{"@id":"https:\/\/artomerisalo.fi\/sv\/arbetslivserfarenhet\/#breadcrumb"},"inLanguage":"sv-SE","potentialAction":[{"@type":"ReadAction","target":["https:\/\/artomerisalo.fi\/sv\/arbetslivserfarenhet\/"]}]},{"@type":"ImageObject","inLanguage":"sv-SE","@id":"https:\/\/artomerisalo.fi\/sv\/arbetslivserfarenhet\/#primaryimage","url":"https:\/\/artomerisalo.fi\/wp-content\/uploads\/2025\/09\/arto-merisalo_feature-image.jpg","contentUrl":"https:\/\/artomerisalo.fi\/wp-content\/uploads\/2025\/09\/arto-merisalo_feature-image.jpg","width":1200,"height":630},{"@type":"BreadcrumbList","@id":"https:\/\/artomerisalo.fi\/sv\/arbetslivserfarenhet\/#breadcrumb","itemListElement":[{"@type":"ListItem","position":1,"name":"Etusivu","item":"https:\/\/artomerisalo.fi\/sv\/hem\/"},{"@type":"ListItem","position":2,"name":"Arbetslivserfarenhet"}]},{"@type":"WebSite","@id":"https:\/\/artomerisalo.fi\/sv\/#website","url":"https:\/\/artomerisalo.fi\/sv\/","name":"Artomerisalo.fi","description":"Kiinteist\u00f6kehityksen asiantuntija","potentialAction":[{"@type":"SearchAction","target":{"@type":"EntryPoint","urlTemplate":"https:\/\/artomerisalo.fi\/sv\/?s={search_term_string}"},"query-input":{"@type":"PropertyValueSpecification","valueRequired":true,"valueName":"search_term_string"}}],"inLanguage":"sv-SE"}]}},"_links":{"self":[{"href":"https:\/\/artomerisalo.fi\/sv\/wp-json\/wp\/v2\/pages\/289","targetHints":{"allow":["GET"]}}],"collection":[{"href":"https:\/\/artomerisalo.fi\/sv\/wp-json\/wp\/v2\/pages"}],"about":[{"href":"https:\/\/artomerisalo.fi\/sv\/wp-json\/wp\/v2\/types\/page"}],"author":[{"embeddable":true,"href":"https:\/\/artomerisalo.fi\/sv\/wp-json\/wp\/v2\/users\/1"}],"replies":[{"embeddable":true,"href":"https:\/\/artomerisalo.fi\/sv\/wp-json\/wp\/v2\/comments?post=289"}],"version-history":[{"count":2,"href":"https:\/\/artomerisalo.fi\/sv\/wp-json\/wp\/v2\/pages\/289\/revisions"}],"predecessor-version":[{"id":291,"href":"https:\/\/artomerisalo.fi\/sv\/wp-json\/wp\/v2\/pages\/289\/revisions\/291"}],"wp:featuredmedia":[{"embeddable":true,"href":"https:\/\/artomerisalo.fi\/sv\/wp-json\/wp\/v2\/media\/227"}],"wp:attachment":[{"href":"https:\/\/artomerisalo.fi\/sv\/wp-json\/wp\/v2\/media?parent=289"}],"curies":[{"name":"wp","href":"https:\/\/api.w.org\/{rel}","templated":true}]}}