{"id":273,"date":"2024-10-17T09:30:48","date_gmt":"2024-10-17T06:30:48","guid":{"rendered":"https:\/\/artomerisalo.fi\/fritidsintressen\/"},"modified":"2025-09-30T13:13:37","modified_gmt":"2025-09-30T10:13:37","slug":"fritidsintressen","status":"publish","type":"page","link":"https:\/\/artomerisalo.fi\/sv\/fritidsintressen\/","title":{"rendered":"Fritidsintressen"},"content":{"rendered":"<p>[et_pb_section fb_built=&#8221;1&#8243; fullwidth=&#8221;on&#8221; admin_label=&#8221;Header&#8221; _builder_version=&#8221;4.27.2&#8243; background_enable_color=&#8221;off&#8221; background_image=&#8221;http:\/\/artomerisalo.fi\/wp-content\/uploads\/2024\/10\/Harrastukset-kansikuva2.jpg&#8221; custom_padding=&#8221;0px|0|0px|0px|false|false&#8221; global_colors_info=&#8221;{}&#8221;][et_pb_fullwidth_header title=&#8221;Fritidsintressen&#8221; text_orientation=&#8221;center&#8221; content_max_width=&#8221;99%&#8221; admin_label=&#8221;Fullwidth Header&#8221; _builder_version=&#8221;4.27.2&#8243; title_font=&#8221;Merriweather||||||||&#8221; title_text_align=&#8221;center&#8221; title_font_size=&#8221;80px&#8221; title_line_height=&#8221;1.4em&#8221; content_font=&#8221;Open Sans||||||||&#8221; content_text_align=&#8221;center&#8221; content_font_size=&#8221;18px&#8221; content_line_height=&#8221;1.8em&#8221; background_color=&#8221;rgba(0,0,0,0)&#8221; use_background_color_gradient=&#8221;on&#8221; background_color_gradient_direction=&#8221;140deg&#8221; background_color_gradient_stops=&#8221;rgba(0,0,0,0.9) 0%|rgba(80,103,147,0.5) 100%&#8221; background_color_gradient_start=&#8221;rgba(0,0,0,0.9)&#8221; background_color_gradient_end=&#8221;rgba(80,103,147,0.5)&#8221; background_image=&#8221;http:\/\/artomerisalo.fi\/wp-content\/uploads\/2023\/04\/venture_02.png&#8221; custom_button_one=&#8221;on&#8221; button_one_text_size=&#8221;14px&#8221; button_one_bg_color=&#8221;#ff6d29&#8243; button_one_border_color=&#8221;rgba(0,0,0,0)&#8221; button_one_border_radius=&#8221;0px&#8221; button_one_letter_spacing=&#8221;1px&#8221; button_one_font=&#8221;|700||on|||||&#8221; button_one_custom_padding=&#8221;16px|28px|16px|28px|true|true&#8221; custom_button_two=&#8221;on&#8221; button_two_text_size=&#8221;14px&#8221; button_two_border_width=&#8221;2px&#8221; button_two_border_radius=&#8221;0px&#8221; button_two_letter_spacing=&#8221;1px&#8221; button_two_font=&#8221;|700||on|||||&#8221; button_two_custom_padding=&#8221;16px|28px|16px|28px|true|true&#8221; width=&#8221;100%&#8221; max_width=&#8221;100%&#8221; custom_margin=&#8221;|||&#8221; custom_padding=&#8221;10vw||10vw||true&#8221; custom_padding_tablet=&#8221;100px||100px||true&#8221; custom_padding_phone=&#8221;|||&#8221; custom_padding_last_edited=&#8221;on|desktop&#8221; title_font_size_tablet=&#8221;54px&#8221; title_font_size_phone=&#8221;34px&#8221; title_font_size_last_edited=&#8221;on|phone&#8221; content_font_size_tablet=&#8221;&#8221; content_font_size_phone=&#8221;16px&#8221; content_font_size_last_edited=&#8221;on|phone&#8221; custom_css_header_container=&#8221;max-width: 1280px;||width: 100%;&#8221; button_one_border_color_hover=&#8221;#ff8a3d&#8221; button_one_border_radius_hover=&#8221;100px&#8221; button_one_letter_spacing_hover=&#8221;5px&#8221; button_one_bg_color_hover=&#8221;#ff8a3d&#8221; global_colors_info=&#8221;{}&#8221; button_one_text_size__hover_enabled=&#8221;off&#8221; button_two_text_size__hover_enabled=&#8221;off&#8221; button_one_text_color__hover_enabled=&#8221;off&#8221; button_two_text_color__hover_enabled=&#8221;off&#8221; button_one_border_width__hover_enabled=&#8221;off&#8221; button_two_border_width__hover_enabled=&#8221;off&#8221; button_one_border_color__hover_enabled=&#8221;off&#8221; button_one_border_color__hover=&#8221;#ff8a3d&#8221; button_two_border_color__hover_enabled=&#8221;off&#8221; button_one_border_radius__hover_enabled=&#8221;off&#8221; button_one_border_radius__hover=&#8221;100px&#8221; button_two_border_radius__hover_enabled=&#8221;off&#8221; button_one_letter_spacing__hover_enabled=&#8221;off&#8221; button_one_letter_spacing__hover=&#8221;5px&#8221; button_two_letter_spacing__hover_enabled=&#8221;off&#8221; button_one_bg_color__hover_enabled=&#8221;off&#8221; button_one_bg_color__hover=&#8221;#ff8a3d&#8221; button_two_bg_color__hover_enabled=&#8221;off&#8221;][\/et_pb_fullwidth_header][\/et_pb_section][et_pb_section fb_built=&#8221;1&#8243; admin_label=&#8221;Logos&#8221; _builder_version=&#8221;4.27.2&#8243; background_image=&#8221;http:\/\/artomerisalo.fi\/wp-content\/uploads\/2023\/04\/venture_09.png&#8221; z_index=&#8221;1&#8243; custom_padding=&#8221;||0px|||&#8221; bottom_divider_style=&#8221;graph4&#8243; bottom_divider_color=&#8221;#B3B3B3&#8243; global_colors_info=&#8221;{}&#8221;][et_pb_row _builder_version=&#8221;4.27.4&#8243; _module_preset=&#8221;default&#8221; global_colors_info=&#8221;{}&#8221;][et_pb_column type=&#8221;4_4&#8243; _builder_version=&#8221;4.27.4&#8243; _module_preset=&#8221;default&#8221; global_colors_info=&#8221;{}&#8221;][et_pb_text _builder_version=&#8221;4.27.4&#8243; _module_preset=&#8221;default&#8221; global_colors_info=&#8221;{}&#8221;]<\/p>\n<p><span style=\"font-size: 12.0pt; font-family: 'Open Sans',sans-serif; color: #333333;\">Detta hobbyavsnitt beskriver och diskuterar kortfattat mina mest \u00e4lskade och viktiga hobbyer, men ut\u00f6ver dessa hobbyer har jag sysslat med m\u00e5nga fler vardagliga hobbyer, inklusive cykling, b\u00e5tliv, segling, tennis och bilracing p\u00e5 sommaren och skid\u00e5kning, utf\u00f6rs\u00e5kning, Lapplandsturism och sn\u00f6skoter\u00e5kning p\u00e5 vintern. Jag har ocks\u00e5 varit engagerad i m\u00e5nga olika f\u00f6reningar och organisationer fr\u00e5n min ungdom till vuxen \u00e5lder. Till exempel har schack och l\u00e4sning varit bland mina hobbyer i \u00e5rtionden. Jag har haft m\u00e5nga hobbyer, men dessa sex har varit de viktigaste och mest \u00e4lskade:   <\/span><\/p>\n<p>[\/et_pb_text][\/et_pb_column][\/et_pb_row][et_pb_row column_structure=&#8221;1_2,1_2&#8243; make_equal=&#8221;on&#8221; _builder_version=&#8221;4.27.4&#8243; _module_preset=&#8221;default&#8221; global_colors_info=&#8221;{}&#8221;][et_pb_column type=&#8221;1_2&#8243; _builder_version=&#8221;4.27.2&#8243; _module_preset=&#8221;default&#8221; global_colors_info=&#8221;{}&#8221;][et_pb_text _builder_version=&#8221;4.27.4&#8243; _module_preset=&#8221;default&#8221; global_colors_info=&#8221;{}&#8221;]<\/p>\n<h5><strong>1. ANDLIGA AKTIVITETER OCH ARBETE<\/strong><\/h5>\n<p>Involverad i bakgrundsaktiviteter f\u00f6r flera kristna organisationer sedan 1988. Jag kom till tro i pingstr\u00f6relsen 1988. <\/p>\n<p>Jag var engagerad i Storhelsingfors f\u00f6rsamling fr\u00e5n 1995 till 1997, sedan 2003 gick jag med i Finska v\u00e4ckelses\u00e4llskapet och \u00f6vergick till v\u00e4ckelser\u00f6relsen.<\/p>\n<p>Jag flyttade till Finlands Lutherska Evangeliska F\u00f6rening (SLEY) \u00e5r 2016. Jag k\u00e4nner mig som lutheran, men i min sj\u00e4l och mitt hj\u00e4rta k\u00e4nner jag mig ocks\u00e5 som karismatisk. <\/p>\n<p>[\/et_pb_text][\/et_pb_column][et_pb_column type=&#8221;1_2&#8243; _builder_version=&#8221;4.27.2&#8243; _module_preset=&#8221;default&#8221; global_colors_info=&#8221;{}&#8221;][et_pb_text _builder_version=&#8221;4.27.4&#8243; _module_preset=&#8221;default&#8221; hover_enabled=&#8221;0&#8243; global_colors_info=&#8221;{}&#8221; sticky_enabled=&#8221;0&#8243;]<\/p>\n<h5><strong>2. BRANDK\u00c5REN (VPK) OCH GAMLA MUSEEBRANDBILER FR\u00c5N 1972<\/strong><\/h5>\n<p>Brandk\u00e5rens ungdomsverksamhet och sedan personal. Jag gick med i Ruovesi VPK:s pojkavdelning (nu ungdomsavdelningen) vid 7 \u00e5rs \u00e5lder \u00e5r 1972 och i personalen \u00e5r 1982 och 1986 drog jag mig tillbaka fr\u00e5n VPK:s aktiva verksamhet. Genom de f\u00f6retag jag representerar har jag ocks\u00e5 kunnat samla museibrandbilar, av vilka det f\u00f6r n\u00e4rvarande finns ett dussin f\u00f6rvarade p\u00e5 olika platser. Vi letar efter en gemensam permanent plats f\u00f6r dem i Ruovesi eller n\u00e5gon annanstans i omgivningarna.   <\/p>\n<p>[\/et_pb_text][\/et_pb_column][\/et_pb_row][et_pb_row column_structure=&#8221;1_2,1_2&#8243; _builder_version=&#8221;4.27.4&#8243; _module_preset=&#8221;default&#8221; global_colors_info=&#8221;{}&#8221;][et_pb_column type=&#8221;1_2&#8243; _builder_version=&#8221;4.27.4&#8243; _module_preset=&#8221;default&#8221; global_colors_info=&#8221;{}&#8221;][et_pb_text _builder_version=&#8221;4.27.4&#8243; _module_preset=&#8221;default&#8221; hover_enabled=&#8221;0&#8243; global_colors_info=&#8221;{}&#8221; sticky_enabled=&#8221;0&#8243;]<\/p>\n<h5><strong>3. GAMLA \u00c5NGFARTYG<\/strong><\/h5>\n<p>Jag \u00e4r medlem i Finlands \u00c5ngfartss\u00e4llskap. Som ett &#8221;arv&#8221; fr\u00e5n min farfar Lauri \u00e4r jag en passionerad \u00e5ngfartsm\u00e4nniska. Lauri Merisalo, min farfar, arbetade i \u00e5rtionden som chef och styrelseledamot i \u00c5ngfartskooperativet Tarjanne, som \u00e4gde \u00e5ngfartygen S\/S Pohjola och S\/S Tarjanne, och var ocks\u00e5 med och grundade Oy Runoilijan tie \u00e5r 1967, som fortfarande \u00e4ger S\/S Tarjanne. Genom de f\u00f6retag jag representerar har jag aktivt st\u00f6ttat och anv\u00e4nt N\u00e4sij\u00e4rvi-\u00e5ngb\u00e5ten S\/S Tarjanne, P\u00e4ij\u00e4nnes \u00e5ngfartyg och s\u00e4rskilt Saimaas \u00e5ngfartyg i samband med olika sommarevenemang och genom att organisera mina egna kryssningar.   <\/p>\n<p>[\/et_pb_text][\/et_pb_column][et_pb_column type=&#8221;1_2&#8243; _builder_version=&#8221;4.27.4&#8243; _module_preset=&#8221;default&#8221; global_colors_info=&#8221;{}&#8221;][et_pb_text _builder_version=&#8221;4.27.4&#8243; _module_preset=&#8221;default&#8221; hover_enabled=&#8221;0&#8243; global_colors_info=&#8221;{}&#8221; sticky_enabled=&#8221;0&#8243;]<\/p>\n<h5><strong>4. GAMLA HERRG\u00c5RDAR OCH GAMLA BYGGNADER OCH INDUSTRIMILJ\u00d6ER<\/strong><\/h5>\n<p>F\u00f6rutom v\u00e5rt tidigare hem, <a href=\"https:\/\/artomerisalo.fi\/vaarakosken-kartano\/\" data-saferedirecturl=\"https:\/\/www.google.com\/url?q=https:\/\/artomerisalo.fi\/vaarakosken-kartano\/&amp;source=gmail&amp;ust=1759217870981000&amp;usg=AOvVaw2vIg7o4GsNzhWH8vtoe0kD\">V\u00e4\u00e4r\u00e4koski herrg\u00e5rd<\/a>, som vi renoverade 1987-89 i \u00c4ht\u00e4ri och d\u00e4r vi bodde fr\u00e5n 1987-1993, har jag l\u00e4st n\u00e4stan alla b\u00f6cker som skrivits om finska herrg\u00e5rdar (inklusive bokserien Suomen karatonot ja suu\u00f5tilat) och genom dem historien om finska herrg\u00e5rdar och har rest runt under de senaste 45 \u00e5ren och tittat p\u00e5 och fotograferat hundratals finska herrg\u00e5rdar.<\/p>\n<p>Jag har ocks\u00e5 kunnat agera som konsult i fastighetstransaktioner relaterade till herrg\u00e5rdar flera g\u00e5nger och jag har haft och har fortfarande n\u00f6jet och f\u00f6rm\u00e5nen att k\u00e4nna flera dussin olika herrg\u00e5rds\u00e4gare.<\/p>\n<p>[\/et_pb_text][\/et_pb_column][\/et_pb_row][et_pb_row column_structure=&#8221;1_2,1_2&#8243; _builder_version=&#8221;4.27.4&#8243; _module_preset=&#8221;default&#8221; global_colors_info=&#8221;{}&#8221;][et_pb_column type=&#8221;1_2&#8243; _builder_version=&#8221;4.27.4&#8243; _module_preset=&#8221;default&#8221; global_colors_info=&#8221;{}&#8221;][et_pb_text _builder_version=&#8221;4.27.4&#8243; _module_preset=&#8221;default&#8221; hover_enabled=&#8221;0&#8243; global_colors_info=&#8221;{}&#8221; sticky_enabled=&#8221;0&#8243;]<\/p>\n<h5><strong>5. FINLANDS MARSKAL MANNERHEIM OCH HANS LIVSV\u00c4RKE samt ATT SAMLA EN SAMLING MED MANNERHEIM-TEMA<\/strong><\/h5>\n<p>Jag \u00e4r medlem i Mikkeli-klubben, som v\u00e5rdar Finlands marskalks traditioner, och i Finska marskalk Mannerheims kulturarvsf\u00f6rening. Jag har ocks\u00e5, genom de f\u00f6retag jag representerar, samlat en stor samling f\u00f6rem\u00e5l med finsk marskalk Mannerheim-tema, inklusive skulpturer, m\u00e5lningar, fotografier, dagsorder och andra minnesf\u00f6rem\u00e5l om den finske marskalk. Dessutom har v\u00e5rt privata bibliotek en stor samling b\u00f6cker med Mannerheim-tema skrivna p\u00e5 finska. Jag har ocks\u00e5 st\u00f6ttat flera privata samlingar med Mannerheim-tema och olika evenemang genom de f\u00f6retag jag representerar. Finlands marskalk r\u00e4ddade sitt hemland flera g\u00e5nger och gav allt f\u00f6r Finland som soldat och f\u00e4derneslandsv\u00e4n, och ledde slutligen ocks\u00e5 v\u00e5rt land till fred efter att ha valts till republikens president den 4 augusti 1944.    <\/p>\n<p>[\/et_pb_text][\/et_pb_column][et_pb_column type=&#8221;1_2&#8243; _builder_version=&#8221;4.27.4&#8243; _module_preset=&#8221;default&#8221; global_colors_info=&#8221;{}&#8221;][et_pb_text _builder_version=&#8221;4.27.4&#8243; _module_preset=&#8221;default&#8221; global_colors_info=&#8221;{}&#8221;]<\/p>\n<h5><strong>6. URHO KEKKONEN OCH HANS LIVSVERK<\/strong><\/h5>\n<p>Jag \u00e4r ocks\u00e5 medlem i UKK-s\u00e4llskapet. Att v\u00e5rda Urho Kekkonens livsverk har varit och \u00e4r en viktig sak f\u00f6r mig. Urho Kekkonens l\u00e5nga och v\u00e4rdefulla karri\u00e4r som statsman \u00e4r o\u00f6vertr\u00e4ffad.  <\/p>\n<p>[\/et_pb_text][\/et_pb_column][\/et_pb_row][et_pb_row column_structure=&#8221;1_2,1_2&#8243; _builder_version=&#8221;4.27.2&#8243; _module_preset=&#8221;default&#8221; global_colors_info=&#8221;{}&#8221;][et_pb_column type=&#8221;1_2&#8243; _builder_version=&#8221;4.27.2&#8243; _module_preset=&#8221;default&#8221; global_colors_info=&#8221;{}&#8221;][et_pb_image src=&#8221;http:\/\/artomerisalo.fi\/wp-content\/uploads\/2024\/10\/WhatsApp-Image-2024-02-16-at-14.37.12_70923572.jpg&#8221; alt=&#8221;Arto Merisalo ja h\u00f6yrylaiva Tarjanne&#8221; _builder_version=&#8221;4.27.2&#8243; _module_preset=&#8221;default&#8221; global_colors_info=&#8221;{}&#8221;][\/et_pb_image][\/et_pb_column][et_pb_column type=&#8221;1_2&#8243; _builder_version=&#8221;4.27.2&#8243; _module_preset=&#8221;default&#8221; global_colors_info=&#8221;{}&#8221;][et_pb_image src=&#8221;http:\/\/artomerisalo.fi\/wp-content\/uploads\/2024\/10\/WhatsApp-Image-2024-02-16-at-15.44.40_4f64d009.png&#8221; alt=&#8221;Arto Merisalo, marskalk C.G.E., vid Mannerheims grav&#8221; _builder_version=&#8221;4.27.2&#8243; _module_preset=&#8221;default&#8221; global_colors_info=&#8221;{}&#8221;][\/et_pb_image][\/et_pb_column][\/et_pb_row][\/et_pb_section][et_pb_section fb_built=&#8221;1&#8243; disabled_on=&#8221;on|on|on&#8221; admin_label=&#8221;Project&#8221; _builder_version=&#8221;4.20.4&#8243; custom_padding=&#8221;0px||0px||false|false&#8221; disabled=&#8221;on&#8221; locked=&#8221;off&#8221; global_colors_info=&#8221;{}&#8221;][\/et_pb_section]<\/p>\n","protected":false},"excerpt":{"rendered":"<p>Detta hobbyavsnitt beskriver och diskuterar kortfattat mina mest \u00e4lskade och viktiga hobbyer, men ut\u00f6ver dessa hobbyer har jag sysslat med m\u00e5nga fler vardagliga hobbyer, inklusive cykling, b\u00e5tliv, segling, tennis och bilracing p\u00e5 sommaren och skid\u00e5kning, utf\u00f6rs\u00e5kning, Lapplandsturism och sn\u00f6skoter\u00e5kning p\u00e5 vintern. Jag har ocks\u00e5 varit engagerad i m\u00e5nga olika f\u00f6reningar och organisationer fr\u00e5n min ungdom [&hellip;]<\/p>\n","protected":false},"author":1,"featured_media":227,"parent":0,"menu_order":0,"comment_status":"closed","ping_status":"closed","template":"","meta":{"_et_pb_use_builder":"on","_et_pb_old_content":"","_et_gb_content_width":"","footnotes":""},"class_list":["post-273","page","type-page","status-publish","has-post-thumbnail","hentry"],"yoast_head":"<!-- This site is optimized with the Yoast SEO plugin v27.4 - https:\/\/yoast.com\/product\/yoast-seo-wordpress\/ -->\n<title>Artomerisalo.fi - Fritidsintressen<\/title>\n<meta name=\"description\" content=\"P\u00e5 vintern njuter jag ocks\u00e5 av Lappland i olika former. P\u00e5 sommaren inkluderar mina hobbyer b\u00e5tliv, cykling och bilresor i Finland och Europa.\" \/>\n<meta name=\"robots\" content=\"index, follow, max-snippet:-1, max-image-preview:large, max-video-preview:-1\" \/>\n<link rel=\"canonical\" href=\"https:\/\/artomerisalo.fi\/sv\/fritidsintressen\/\" \/>\n<meta property=\"og:locale\" content=\"sv_SE\" \/>\n<meta property=\"og:type\" content=\"article\" \/>\n<meta property=\"og:title\" content=\"Artomerisalo.fi - Fritidsintressen\" \/>\n<meta property=\"og:description\" content=\"P\u00e5 vintern njuter jag ocks\u00e5 av Lappland i olika former. P\u00e5 sommaren inkluderar mina hobbyer b\u00e5tliv, cykling och bilresor i Finland och Europa.\" \/>\n<meta property=\"og:url\" content=\"https:\/\/artomerisalo.fi\/sv\/fritidsintressen\/\" \/>\n<meta property=\"og:site_name\" content=\"Artomerisalo.fi\" \/>\n<meta property=\"article:modified_time\" content=\"2025-09-30T10:13:37+00:00\" \/>\n<meta property=\"og:image\" content=\"https:\/\/artomerisalo.fi\/wp-content\/uploads\/2025\/09\/arto-merisalo_feature-image.jpg\" \/>\n\t<meta property=\"og:image:width\" content=\"1200\" \/>\n\t<meta property=\"og:image:height\" content=\"630\" \/>\n\t<meta property=\"og:image:type\" content=\"image\/jpeg\" \/>\n<meta name=\"twitter:card\" content=\"summary_large_image\" \/>\n<meta name=\"twitter:label1\" content=\"Ber\u00e4knad l\u00e4stid\" \/>\n\t<meta name=\"twitter:data1\" content=\"8 minuter\" \/>\n<script type=\"application\/ld+json\" class=\"yoast-schema-graph\">{\"@context\":\"https:\\\/\\\/schema.org\",\"@graph\":[{\"@type\":\"WebPage\",\"@id\":\"https:\\\/\\\/artomerisalo.fi\\\/sv\\\/fritidsintressen\\\/\",\"url\":\"https:\\\/\\\/artomerisalo.fi\\\/sv\\\/fritidsintressen\\\/\",\"name\":\"Artomerisalo.fi - Fritidsintressen\",\"isPartOf\":{\"@id\":\"https:\\\/\\\/artomerisalo.fi\\\/sv\\\/#website\"},\"primaryImageOfPage\":{\"@id\":\"https:\\\/\\\/artomerisalo.fi\\\/sv\\\/fritidsintressen\\\/#primaryimage\"},\"image\":{\"@id\":\"https:\\\/\\\/artomerisalo.fi\\\/sv\\\/fritidsintressen\\\/#primaryimage\"},\"thumbnailUrl\":\"https:\\\/\\\/artomerisalo.fi\\\/wp-content\\\/uploads\\\/2025\\\/09\\\/arto-merisalo_feature-image.jpg\",\"datePublished\":\"2024-10-17T06:30:48+00:00\",\"dateModified\":\"2025-09-30T10:13:37+00:00\",\"description\":\"P\u00e5 vintern njuter jag ocks\u00e5 av Lappland i olika former. P\u00e5 sommaren inkluderar mina hobbyer b\u00e5tliv, cykling och bilresor i Finland och Europa.\",\"breadcrumb\":{\"@id\":\"https:\\\/\\\/artomerisalo.fi\\\/sv\\\/fritidsintressen\\\/#breadcrumb\"},\"inLanguage\":\"sv-SE\",\"potentialAction\":[{\"@type\":\"ReadAction\",\"target\":[\"https:\\\/\\\/artomerisalo.fi\\\/sv\\\/fritidsintressen\\\/\"]}]},{\"@type\":\"ImageObject\",\"inLanguage\":\"sv-SE\",\"@id\":\"https:\\\/\\\/artomerisalo.fi\\\/sv\\\/fritidsintressen\\\/#primaryimage\",\"url\":\"https:\\\/\\\/artomerisalo.fi\\\/wp-content\\\/uploads\\\/2025\\\/09\\\/arto-merisalo_feature-image.jpg\",\"contentUrl\":\"https:\\\/\\\/artomerisalo.fi\\\/wp-content\\\/uploads\\\/2025\\\/09\\\/arto-merisalo_feature-image.jpg\",\"width\":1200,\"height\":630},{\"@type\":\"BreadcrumbList\",\"@id\":\"https:\\\/\\\/artomerisalo.fi\\\/sv\\\/fritidsintressen\\\/#breadcrumb\",\"itemListElement\":[{\"@type\":\"ListItem\",\"position\":1,\"name\":\"Etusivu\",\"item\":\"https:\\\/\\\/artomerisalo.fi\\\/sv\\\/hem\\\/\"},{\"@type\":\"ListItem\",\"position\":2,\"name\":\"Fritidsintressen\"}]},{\"@type\":\"WebSite\",\"@id\":\"https:\\\/\\\/artomerisalo.fi\\\/sv\\\/#website\",\"url\":\"https:\\\/\\\/artomerisalo.fi\\\/sv\\\/\",\"name\":\"Artomerisalo.fi\",\"description\":\"Kiinteist\u00f6kehityksen asiantuntija\",\"potentialAction\":[{\"@type\":\"SearchAction\",\"target\":{\"@type\":\"EntryPoint\",\"urlTemplate\":\"https:\\\/\\\/artomerisalo.fi\\\/sv\\\/?s={search_term_string}\"},\"query-input\":{\"@type\":\"PropertyValueSpecification\",\"valueRequired\":true,\"valueName\":\"search_term_string\"}}],\"inLanguage\":\"sv-SE\"}]}<\/script>\n<!-- \/ Yoast SEO plugin. -->","yoast_head_json":{"title":"Artomerisalo.fi - Fritidsintressen","description":"P\u00e5 vintern njuter jag ocks\u00e5 av Lappland i olika former. P\u00e5 sommaren inkluderar mina hobbyer b\u00e5tliv, cykling och bilresor i Finland och Europa.","robots":{"index":"index","follow":"follow","max-snippet":"max-snippet:-1","max-image-preview":"max-image-preview:large","max-video-preview":"max-video-preview:-1"},"canonical":"https:\/\/artomerisalo.fi\/sv\/fritidsintressen\/","og_locale":"sv_SE","og_type":"article","og_title":"Artomerisalo.fi - Fritidsintressen","og_description":"P\u00e5 vintern njuter jag ocks\u00e5 av Lappland i olika former. P\u00e5 sommaren inkluderar mina hobbyer b\u00e5tliv, cykling och bilresor i Finland och Europa.","og_url":"https:\/\/artomerisalo.fi\/sv\/fritidsintressen\/","og_site_name":"Artomerisalo.fi","article_modified_time":"2025-09-30T10:13:37+00:00","og_image":[{"width":1200,"height":630,"url":"https:\/\/artomerisalo.fi\/wp-content\/uploads\/2025\/09\/arto-merisalo_feature-image.jpg","type":"image\/jpeg"}],"twitter_card":"summary_large_image","twitter_misc":{"Ber\u00e4knad l\u00e4stid":"8 minuter"},"schema":{"@context":"https:\/\/schema.org","@graph":[{"@type":"WebPage","@id":"https:\/\/artomerisalo.fi\/sv\/fritidsintressen\/","url":"https:\/\/artomerisalo.fi\/sv\/fritidsintressen\/","name":"Artomerisalo.fi - Fritidsintressen","isPartOf":{"@id":"https:\/\/artomerisalo.fi\/sv\/#website"},"primaryImageOfPage":{"@id":"https:\/\/artomerisalo.fi\/sv\/fritidsintressen\/#primaryimage"},"image":{"@id":"https:\/\/artomerisalo.fi\/sv\/fritidsintressen\/#primaryimage"},"thumbnailUrl":"https:\/\/artomerisalo.fi\/wp-content\/uploads\/2025\/09\/arto-merisalo_feature-image.jpg","datePublished":"2024-10-17T06:30:48+00:00","dateModified":"2025-09-30T10:13:37+00:00","description":"P\u00e5 vintern njuter jag ocks\u00e5 av Lappland i olika former. P\u00e5 sommaren inkluderar mina hobbyer b\u00e5tliv, cykling och bilresor i Finland och Europa.","breadcrumb":{"@id":"https:\/\/artomerisalo.fi\/sv\/fritidsintressen\/#breadcrumb"},"inLanguage":"sv-SE","potentialAction":[{"@type":"ReadAction","target":["https:\/\/artomerisalo.fi\/sv\/fritidsintressen\/"]}]},{"@type":"ImageObject","inLanguage":"sv-SE","@id":"https:\/\/artomerisalo.fi\/sv\/fritidsintressen\/#primaryimage","url":"https:\/\/artomerisalo.fi\/wp-content\/uploads\/2025\/09\/arto-merisalo_feature-image.jpg","contentUrl":"https:\/\/artomerisalo.fi\/wp-content\/uploads\/2025\/09\/arto-merisalo_feature-image.jpg","width":1200,"height":630},{"@type":"BreadcrumbList","@id":"https:\/\/artomerisalo.fi\/sv\/fritidsintressen\/#breadcrumb","itemListElement":[{"@type":"ListItem","position":1,"name":"Etusivu","item":"https:\/\/artomerisalo.fi\/sv\/hem\/"},{"@type":"ListItem","position":2,"name":"Fritidsintressen"}]},{"@type":"WebSite","@id":"https:\/\/artomerisalo.fi\/sv\/#website","url":"https:\/\/artomerisalo.fi\/sv\/","name":"Artomerisalo.fi","description":"Kiinteist\u00f6kehityksen asiantuntija","potentialAction":[{"@type":"SearchAction","target":{"@type":"EntryPoint","urlTemplate":"https:\/\/artomerisalo.fi\/sv\/?s={search_term_string}"},"query-input":{"@type":"PropertyValueSpecification","valueRequired":true,"valueName":"search_term_string"}}],"inLanguage":"sv-SE"}]}},"_links":{"self":[{"href":"https:\/\/artomerisalo.fi\/sv\/wp-json\/wp\/v2\/pages\/273","targetHints":{"allow":["GET"]}}],"collection":[{"href":"https:\/\/artomerisalo.fi\/sv\/wp-json\/wp\/v2\/pages"}],"about":[{"href":"https:\/\/artomerisalo.fi\/sv\/wp-json\/wp\/v2\/types\/page"}],"author":[{"embeddable":true,"href":"https:\/\/artomerisalo.fi\/sv\/wp-json\/wp\/v2\/users\/1"}],"replies":[{"embeddable":true,"href":"https:\/\/artomerisalo.fi\/sv\/wp-json\/wp\/v2\/comments?post=273"}],"version-history":[{"count":2,"href":"https:\/\/artomerisalo.fi\/sv\/wp-json\/wp\/v2\/pages\/273\/revisions"}],"predecessor-version":[{"id":275,"href":"https:\/\/artomerisalo.fi\/sv\/wp-json\/wp\/v2\/pages\/273\/revisions\/275"}],"wp:featuredmedia":[{"embeddable":true,"href":"https:\/\/artomerisalo.fi\/sv\/wp-json\/wp\/v2\/media\/227"}],"wp:attachment":[{"href":"https:\/\/artomerisalo.fi\/sv\/wp-json\/wp\/v2\/media?parent=273"}],"curies":[{"name":"wp","href":"https:\/\/api.w.org\/{rel}","templated":true}]}}