{"id":267,"date":"2024-10-17T09:30:48","date_gmt":"2024-10-17T06:30:48","guid":{"rendered":"https:\/\/artomerisalo.fi\/hobbies\/"},"modified":"2025-09-30T13:10:23","modified_gmt":"2025-09-30T10:10:23","slug":"hobbies","status":"publish","type":"page","link":"https:\/\/artomerisalo.fi\/en\/hobbies\/","title":{"rendered":"Hobbies"},"content":{"rendered":"<p>[et_pb_section fb_built=&#8221;1&#8243; fullwidth=&#8221;on&#8221; admin_label=&#8221;Header&#8221; _builder_version=&#8221;4.27.2&#8243; background_enable_color=&#8221;off&#8221; background_image=&#8221;http:\/\/artomerisalo.fi\/wp-content\/uploads\/2024\/10\/Harrastukset-kansikuva2.jpg&#8221; custom_padding=&#8221;0px|0|0px|0px|false|false&#8221; global_colors_info=&#8221;{}&#8221;][et_pb_fullwidth_header title=&#8221;Hobbies&#8221; text_orientation=&#8221;center&#8221; content_max_width=&#8221;99%&#8221; admin_label=&#8221;Fullwidth Header&#8221; _builder_version=&#8221;4.27.2&#8243; title_font=&#8221;Merriweather||||||||&#8221; title_text_align=&#8221;center&#8221; title_font_size=&#8221;80px&#8221; title_line_height=&#8221;1.4em&#8221; content_font=&#8221;Open Sans||||||||&#8221; content_text_align=&#8221;center&#8221; content_font_size=&#8221;18px&#8221; content_line_height=&#8221;1.8em&#8221; background_color=&#8221;rgba(0,0,0,0)&#8221; use_background_color_gradient=&#8221;on&#8221; background_color_gradient_direction=&#8221;140deg&#8221; background_color_gradient_stops=&#8221;rgba(0,0,0,0.9) 0%|rgba(80,103,147,0.5) 100%&#8221; background_color_gradient_start=&#8221;rgba(0,0,0,0.9)&#8221; background_color_gradient_end=&#8221;rgba(80,103,147,0.5)&#8221; background_image=&#8221;http:\/\/artomerisalo.fi\/wp-content\/uploads\/2023\/04\/venture_02.png&#8221; custom_button_one=&#8221;on&#8221; button_one_text_size=&#8221;14px&#8221; button_one_bg_color=&#8221;#ff6d29&#8243; button_one_border_color=&#8221;rgba(0,0,0,0)&#8221; button_one_border_radius=&#8221;0px&#8221; button_one_letter_spacing=&#8221;1px&#8221; button_one_font=&#8221;|700||on|||||&#8221; button_one_custom_padding=&#8221;16px|28px|16px|28px|true|true&#8221; custom_button_two=&#8221;on&#8221; button_two_text_size=&#8221;14px&#8221; button_two_border_width=&#8221;2px&#8221; button_two_border_radius=&#8221;0px&#8221; button_two_letter_spacing=&#8221;1px&#8221; button_two_font=&#8221;|700||on|||||&#8221; button_two_custom_padding=&#8221;16px|28px|16px|28px|true|true&#8221; width=&#8221;100%&#8221; max_width=&#8221;100%&#8221; custom_margin=&#8221;|||&#8221; custom_padding=&#8221;10vw||10vw||true&#8221; custom_padding_tablet=&#8221;100px||100px||true&#8221; custom_padding_phone=&#8221;|||&#8221; custom_padding_last_edited=&#8221;on|desktop&#8221; title_font_size_tablet=&#8221;54px&#8221; title_font_size_phone=&#8221;34px&#8221; title_font_size_last_edited=&#8221;on|phone&#8221; content_font_size_tablet=&#8221;&#8221; content_font_size_phone=&#8221;16px&#8221; content_font_size_last_edited=&#8221;on|phone&#8221; custom_css_header_container=&#8221;max-width: 1280px;||width: 100%;&#8221; button_one_border_color_hover=&#8221;#ff8a3d&#8221; button_one_border_radius_hover=&#8221;100px&#8221; button_one_letter_spacing_hover=&#8221;5px&#8221; button_one_bg_color_hover=&#8221;#ff8a3d&#8221; global_colors_info=&#8221;{}&#8221; button_one_text_size__hover_enabled=&#8221;off&#8221; button_two_text_size__hover_enabled=&#8221;off&#8221; button_one_text_color__hover_enabled=&#8221;off&#8221; button_two_text_color__hover_enabled=&#8221;off&#8221; button_one_border_width__hover_enabled=&#8221;off&#8221; button_two_border_width__hover_enabled=&#8221;off&#8221; button_one_border_color__hover_enabled=&#8221;off&#8221; button_one_border_color__hover=&#8221;#ff8a3d&#8221; button_two_border_color__hover_enabled=&#8221;off&#8221; button_one_border_radius__hover_enabled=&#8221;off&#8221; button_one_border_radius__hover=&#8221;100px&#8221; button_two_border_radius__hover_enabled=&#8221;off&#8221; button_one_letter_spacing__hover_enabled=&#8221;off&#8221; button_one_letter_spacing__hover=&#8221;5px&#8221; button_two_letter_spacing__hover_enabled=&#8221;off&#8221; button_one_bg_color__hover_enabled=&#8221;off&#8221; button_one_bg_color__hover=&#8221;#ff8a3d&#8221; button_two_bg_color__hover_enabled=&#8221;off&#8221;][\/et_pb_fullwidth_header][\/et_pb_section][et_pb_section fb_built=&#8221;1&#8243; admin_label=&#8221;Logos&#8221; _builder_version=&#8221;4.27.2&#8243; background_image=&#8221;http:\/\/artomerisalo.fi\/wp-content\/uploads\/2023\/04\/venture_09.png&#8221; z_index=&#8221;1&#8243; custom_padding=&#8221;||0px|||&#8221; bottom_divider_style=&#8221;graph4&#8243; bottom_divider_color=&#8221;#B3B3B3&#8243; global_colors_info=&#8221;{}&#8221;][et_pb_row _builder_version=&#8221;4.27.4&#8243; _module_preset=&#8221;default&#8221; global_colors_info=&#8221;{}&#8221;][et_pb_column type=&#8221;4_4&#8243; _builder_version=&#8221;4.27.4&#8243; _module_preset=&#8221;default&#8221; global_colors_info=&#8221;{}&#8221;][et_pb_text _builder_version=&#8221;4.27.4&#8243; _module_preset=&#8221;default&#8221; global_colors_info=&#8221;{}&#8221;]<\/p>\n<p><span style=\"font-size: 12.0pt; font-family: 'Open Sans',sans-serif; color: #333333;\">This hobbies section briefly describes and discusses my most beloved and important hobbies, but in addition to these hobbies, I have been involved in many more everyday hobbies, including cycling, boating, sailing, tennis and car racing in the summer and skiing, downhill skiing, Lapland tourism and snowmobiling in the winter. I have also been involved in many different associations and organizations from my youth to adulthood. For example, chess and reading have remained among my hobbies for decades. I have had many hobbies, but these six have been the most important and beloved:   <\/span><\/p>\n<p>[\/et_pb_text][\/et_pb_column][\/et_pb_row][et_pb_row column_structure=&#8221;1_2,1_2&#8243; make_equal=&#8221;on&#8221; _builder_version=&#8221;4.27.4&#8243; _module_preset=&#8221;default&#8221; global_colors_info=&#8221;{}&#8221;][et_pb_column type=&#8221;1_2&#8243; _builder_version=&#8221;4.27.2&#8243; _module_preset=&#8221;default&#8221; global_colors_info=&#8221;{}&#8221;][et_pb_text _builder_version=&#8221;4.27.4&#8243; _module_preset=&#8221;default&#8221; global_colors_info=&#8221;{}&#8221;]<\/p>\n<h5><strong>1. SPIRITUAL ACTIVITIES AND WORK<\/strong><\/h5>\n<p>Involved in the background activities of several Christian organizations since 1988. I came to faith in the Pentecostal movement in 1988. <\/p>\n<p>I was involved in the Greater Helsinki Congregation from 1995 to 1997, then in 2003 I joined the Finnish Revival Association and moved to the revivalist movement.<\/p>\n<p>I moved to the Finnish Lutheran Evangelical Association (SLEY) in 2016. I feel like I am Lutheran, but in my soul and heart I also feel like I am a charismatic. <\/p>\n<p>[\/et_pb_text][\/et_pb_column][et_pb_column type=&#8221;1_2&#8243; _builder_version=&#8221;4.27.2&#8243; _module_preset=&#8221;default&#8221; global_colors_info=&#8221;{}&#8221;][et_pb_text _builder_version=&#8221;4.27.4&#8243; _module_preset=&#8221;default&#8221; hover_enabled=&#8221;0&#8243; global_colors_info=&#8221;{}&#8221; sticky_enabled=&#8221;0&#8243;]<\/p>\n<h5><strong>2. FIRE DEPARTMENT (VPK) AND OLD MUSEUM FIRE ENGINES FROM 1972<\/strong><\/h5>\n<p>Fire department youth activities and then crew. I joined the boys&#8217; section (now the youth section) of the Ruovesi Fire Brigade in 1972 at the age of 7, and then joined the crew in 1982, and in 1986 I left the active activities of the Fire Brigade. Through the companies I represent, I have also been able to collect museum fire engines, of which there are currently about a dozen stored in different places. We are looking for a common permanent location for them in Ruovesi or elsewhere in the surrounding area.   <\/p>\n<p>[\/et_pb_text][\/et_pb_column][\/et_pb_row][et_pb_row column_structure=&#8221;1_2,1_2&#8243; _builder_version=&#8221;4.27.4&#8243; _module_preset=&#8221;default&#8221; global_colors_info=&#8221;{}&#8221;][et_pb_column type=&#8221;1_2&#8243; _builder_version=&#8221;4.27.4&#8243; _module_preset=&#8221;default&#8221; global_colors_info=&#8221;{}&#8221;][et_pb_text _builder_version=&#8221;4.27.4&#8243; _module_preset=&#8221;default&#8221; hover_enabled=&#8221;0&#8243; global_colors_info=&#8221;{}&#8221; sticky_enabled=&#8221;0&#8243;]<\/p>\n<h5><strong>3. OLD STEAMSHIPS<\/strong><\/h5>\n<p>I am a member of the Finnish Steamship Society. As a \u201clegacy\u201d from my grandfather Lauri, I am a passionate steamship man. Lauri Merisalo, my grandfather, worked for decades as the manager and board member of the Steamship Cooperative Tarjanne, which owned the steamships S\/S Pohjola and S\/S Tarjanne. He was also involved in founding Oy Runoilijan tie, the company that still owns the S\/S Tarjanne today, in 1967. Through the companies I represent, I have actively supported and used the N\u00e4sij\u00e4rvi steamer S\/S Tarjanne, the steamships of P\u00e4ij\u00e4nne, and especially the steamships of Saimaa, in connection with various summer events and by organizing my own cruises.   <\/p>\n<p>[\/et_pb_text][\/et_pb_column][et_pb_column type=&#8221;1_2&#8243; _builder_version=&#8221;4.27.4&#8243; _module_preset=&#8221;default&#8221; global_colors_info=&#8221;{}&#8221;][et_pb_text _builder_version=&#8221;4.27.4&#8243; _module_preset=&#8221;default&#8221; hover_enabled=&#8221;0&#8243; global_colors_info=&#8221;{}&#8221; sticky_enabled=&#8221;0&#8243;]<\/p>\n<h5><strong>4. OLD MANORS and OLD BUILDINGS AND INDUSTRIAL ENVIRONMENTS<\/strong><\/h5>\n<p>In addition to our former home, <a href=\"https:\/\/artomerisalo.fi\/vaarakosken-kartano\/\" data-saferedirecturl=\"https:\/\/www.google.com\/url?q=https:\/\/artomerisalo.fi\/vaarakosken-kartano\/&amp;source=gmail&amp;ust=1759217870981000&amp;usg=AOvVaw2vIg7o4GsNzhWH8vtoe0kD\">V\u00e4\u00e4r\u00e4koski Manor<\/a>, which we renovated in 1987-89 in \u00c4ht\u00e4ri and where we lived from 1987-1993, I have become familiar with almost all the books written about Finnish manors (including the Finnish Manors and Large Estates book series) and through them the history of Finnish manors and have traveled around during the last 45 years, viewing and photographing hundreds of Finnish manors.<\/p>\n<p>I have also been able to act as a consultant in real estate transactions related to manors several times and I have had the pleasure and privilege of getting to know dozens of different manor owners.<\/p>\n<p>[\/et_pb_text][\/et_pb_column][\/et_pb_row][et_pb_row column_structure=&#8221;1_2,1_2&#8243; _builder_version=&#8221;4.27.4&#8243; _module_preset=&#8221;default&#8221; global_colors_info=&#8221;{}&#8221;][et_pb_column type=&#8221;1_2&#8243; _builder_version=&#8221;4.27.4&#8243; _module_preset=&#8221;default&#8221; global_colors_info=&#8221;{}&#8221;][et_pb_text _builder_version=&#8221;4.27.4&#8243; _module_preset=&#8221;default&#8221; hover_enabled=&#8221;0&#8243; global_colors_info=&#8221;{}&#8221; sticky_enabled=&#8221;0&#8243;]<\/p>\n<h5><strong>5. MARSHAL OF FINLAND MANNERHEIM AND HIS LIFE&#8217;S WORK and COLLECTING A MANNERHEIM THEME COLLECTION<\/strong><\/h5>\n<p>I am a member of the Mikkeli Club, which cherishes the traditions of the Marshal of Finland, and the Finnish Marshal Mannerheim Heritage Society. I have also collected, through the companies I represent, a large collection of sculptures, paintings, photographs, daily orders and other memorabilia about Marshal Mannerheim of Finland. In addition, our private library has a large collection of Mannerheim-themed books written in Finnish. I have also supported several private Mannerheim-themed collections and various events through the companies I represent. The Marshal of Finland saved his homeland several times and gave his all for Finland as a soldier and friend of the homeland, and finally also led our country to peace after becoming President of the Republic on 04.08.1944.    <\/p>\n<p>[\/et_pb_text][\/et_pb_column][et_pb_column type=&#8221;1_2&#8243; _builder_version=&#8221;4.27.4&#8243; _module_preset=&#8221;default&#8221; global_colors_info=&#8221;{}&#8221;][et_pb_text _builder_version=&#8221;4.27.4&#8243; _module_preset=&#8221;default&#8221; global_colors_info=&#8221;{}&#8221;]<\/p>\n<h5><strong>6. URHO KEKKONEN AND HIS LIFE&#8217;S WORK<\/strong><\/h5>\n<p>I am also a member of the UKK Society. Nurturing Urho Kekkonen&#8217;s life&#8217;s work has been and is an important thing for me. Urho Kekkonen&#8217;s long and valuable career as a statesman is unparalleled.  <\/p>\n<p>[\/et_pb_text][\/et_pb_column][\/et_pb_row][et_pb_row column_structure=&#8221;1_2,1_2&#8243; _builder_version=&#8221;4.27.2&#8243; _module_preset=&#8221;default&#8221; global_colors_info=&#8221;{}&#8221;][et_pb_column type=&#8221;1_2&#8243; _builder_version=&#8221;4.27.2&#8243; _module_preset=&#8221;default&#8221; global_colors_info=&#8221;{}&#8221;][et_pb_image src=&#8221;http:\/\/artomerisalo.fi\/wp-content\/uploads\/2024\/10\/WhatsApp-Image-2024-02-16-at-14.37.12_70923572.jpg&#8221; alt=&#8221;Arto Merisalo ja h\u00f6yrylaiva Tarjanne&#8221; _builder_version=&#8221;4.27.2&#8243; _module_preset=&#8221;default&#8221; global_colors_info=&#8221;{}&#8221;][\/et_pb_image][\/et_pb_column][et_pb_column type=&#8221;1_2&#8243; _builder_version=&#8221;4.27.2&#8243; _module_preset=&#8221;default&#8221; global_colors_info=&#8221;{}&#8221;][et_pb_image src=&#8221;http:\/\/artomerisalo.fi\/wp-content\/uploads\/2024\/10\/WhatsApp-Image-2024-02-16-at-15.44.40_4f64d009.png&#8221; alt=&#8221;Arto Merisalo Marshal C.G.E. at Mannerheim&#039;s grave&#8221; _builder_version=&#8221;4.27.2&#8243; _module_preset=&#8221;default&#8221; global_colors_info=&#8221;{}&#8221;][\/et_pb_image][\/et_pb_column][\/et_pb_row][\/et_pb_section][et_pb_section fb_built=&#8221;1&#8243; disabled_on=&#8221;on|on|on&#8221; admin_label=&#8221;Project&#8221; _builder_version=&#8221;4.20.4&#8243; custom_padding=&#8221;0px||0px||false|false&#8221; disabled=&#8221;on&#8221; locked=&#8221;off&#8221; global_colors_info=&#8221;{}&#8221;][\/et_pb_section]<\/p>\n","protected":false},"excerpt":{"rendered":"<p>This hobbies section briefly describes and discusses my most beloved and important hobbies, but in addition to these hobbies, I have been involved in many more everyday hobbies, including cycling, boating, sailing, tennis and car racing in the summer and skiing, downhill skiing, Lapland tourism and snowmobiling in the winter. I have also been involved [&hellip;]<\/p>\n","protected":false},"author":1,"featured_media":203,"parent":0,"menu_order":0,"comment_status":"closed","ping_status":"closed","template":"","meta":{"_et_pb_use_builder":"on","_et_pb_old_content":"","_et_gb_content_width":"","footnotes":""},"class_list":["post-267","page","type-page","status-publish","has-post-thumbnail","hentry"],"yoast_head":"<!-- This site is optimized with the Yoast SEO plugin v27.4 - https:\/\/yoast.com\/product\/yoast-seo-wordpress\/ -->\n<title>Artomerisalo.fi - Hobbies<\/title>\n<meta name=\"description\" content=\"In winter, I also enjoy Lapland in various forms. In summer, my hobbies include boating, cycling and car trips in Finland and Europe.\" \/>\n<meta name=\"robots\" content=\"index, follow, max-snippet:-1, max-image-preview:large, max-video-preview:-1\" \/>\n<link rel=\"canonical\" href=\"https:\/\/artomerisalo.fi\/en\/hobbies\/\" \/>\n<meta property=\"og:locale\" content=\"en_US\" \/>\n<meta property=\"og:type\" content=\"article\" \/>\n<meta property=\"og:title\" content=\"Artomerisalo.fi - Hobbies\" \/>\n<meta property=\"og:description\" content=\"In winter, I also enjoy Lapland in various forms. In summer, my hobbies include boating, cycling and car trips in Finland and Europe.\" \/>\n<meta property=\"og:url\" content=\"https:\/\/artomerisalo.fi\/en\/hobbies\/\" \/>\n<meta property=\"og:site_name\" content=\"Artomerisalo.fi\" \/>\n<meta property=\"article:modified_time\" content=\"2025-09-30T10:10:23+00:00\" \/>\n<meta property=\"og:image\" content=\"https:\/\/artomerisalo.fi\/wp-content\/uploads\/2025\/09\/arto-merisalo_feature-image.jpg\" \/>\n\t<meta property=\"og:image:width\" content=\"1200\" \/>\n\t<meta property=\"og:image:height\" content=\"630\" \/>\n\t<meta property=\"og:image:type\" content=\"image\/jpeg\" \/>\n<meta name=\"twitter:card\" content=\"summary_large_image\" \/>\n<meta name=\"twitter:label1\" content=\"Est. reading time\" \/>\n\t<meta name=\"twitter:data1\" content=\"8 minutes\" \/>\n<script type=\"application\/ld+json\" class=\"yoast-schema-graph\">{\"@context\":\"https:\\\/\\\/schema.org\",\"@graph\":[{\"@type\":\"WebPage\",\"@id\":\"https:\\\/\\\/artomerisalo.fi\\\/en\\\/hobbies\\\/\",\"url\":\"https:\\\/\\\/artomerisalo.fi\\\/en\\\/hobbies\\\/\",\"name\":\"Artomerisalo.fi - Hobbies\",\"isPartOf\":{\"@id\":\"https:\\\/\\\/artomerisalo.fi\\\/en\\\/#website\"},\"primaryImageOfPage\":{\"@id\":\"https:\\\/\\\/artomerisalo.fi\\\/en\\\/hobbies\\\/#primaryimage\"},\"image\":{\"@id\":\"https:\\\/\\\/artomerisalo.fi\\\/en\\\/hobbies\\\/#primaryimage\"},\"thumbnailUrl\":\"https:\\\/\\\/artomerisalo.fi\\\/wp-content\\\/uploads\\\/2025\\\/09\\\/arto-merisalo_feature-image.jpg\",\"datePublished\":\"2024-10-17T06:30:48+00:00\",\"dateModified\":\"2025-09-30T10:10:23+00:00\",\"description\":\"In winter, I also enjoy Lapland in various forms. In summer, my hobbies include boating, cycling and car trips in Finland and Europe.\",\"breadcrumb\":{\"@id\":\"https:\\\/\\\/artomerisalo.fi\\\/en\\\/hobbies\\\/#breadcrumb\"},\"inLanguage\":\"en-US\",\"potentialAction\":[{\"@type\":\"ReadAction\",\"target\":[\"https:\\\/\\\/artomerisalo.fi\\\/en\\\/hobbies\\\/\"]}]},{\"@type\":\"ImageObject\",\"inLanguage\":\"en-US\",\"@id\":\"https:\\\/\\\/artomerisalo.fi\\\/en\\\/hobbies\\\/#primaryimage\",\"url\":\"https:\\\/\\\/artomerisalo.fi\\\/wp-content\\\/uploads\\\/2025\\\/09\\\/arto-merisalo_feature-image.jpg\",\"contentUrl\":\"https:\\\/\\\/artomerisalo.fi\\\/wp-content\\\/uploads\\\/2025\\\/09\\\/arto-merisalo_feature-image.jpg\",\"width\":1200,\"height\":630},{\"@type\":\"BreadcrumbList\",\"@id\":\"https:\\\/\\\/artomerisalo.fi\\\/en\\\/hobbies\\\/#breadcrumb\",\"itemListElement\":[{\"@type\":\"ListItem\",\"position\":1,\"name\":\"Etusivu\",\"item\":\"https:\\\/\\\/artomerisalo.fi\\\/en\\\/home\\\/\"},{\"@type\":\"ListItem\",\"position\":2,\"name\":\"Hobbies\"}]},{\"@type\":\"WebSite\",\"@id\":\"https:\\\/\\\/artomerisalo.fi\\\/en\\\/#website\",\"url\":\"https:\\\/\\\/artomerisalo.fi\\\/en\\\/\",\"name\":\"Artomerisalo.fi\",\"description\":\"Kiinteist\u00f6kehityksen asiantuntija\",\"potentialAction\":[{\"@type\":\"SearchAction\",\"target\":{\"@type\":\"EntryPoint\",\"urlTemplate\":\"https:\\\/\\\/artomerisalo.fi\\\/en\\\/?s={search_term_string}\"},\"query-input\":{\"@type\":\"PropertyValueSpecification\",\"valueRequired\":true,\"valueName\":\"search_term_string\"}}],\"inLanguage\":\"en-US\"}]}<\/script>\n<!-- \/ Yoast SEO plugin. -->","yoast_head_json":{"title":"Artomerisalo.fi - Hobbies","description":"In winter, I also enjoy Lapland in various forms. In summer, my hobbies include boating, cycling and car trips in Finland and Europe.","robots":{"index":"index","follow":"follow","max-snippet":"max-snippet:-1","max-image-preview":"max-image-preview:large","max-video-preview":"max-video-preview:-1"},"canonical":"https:\/\/artomerisalo.fi\/en\/hobbies\/","og_locale":"en_US","og_type":"article","og_title":"Artomerisalo.fi - Hobbies","og_description":"In winter, I also enjoy Lapland in various forms. In summer, my hobbies include boating, cycling and car trips in Finland and Europe.","og_url":"https:\/\/artomerisalo.fi\/en\/hobbies\/","og_site_name":"Artomerisalo.fi","article_modified_time":"2025-09-30T10:10:23+00:00","og_image":[{"width":1200,"height":630,"url":"https:\/\/artomerisalo.fi\/wp-content\/uploads\/2025\/09\/arto-merisalo_feature-image.jpg","type":"image\/jpeg"}],"twitter_card":"summary_large_image","twitter_misc":{"Est. reading time":"8 minutes"},"schema":{"@context":"https:\/\/schema.org","@graph":[{"@type":"WebPage","@id":"https:\/\/artomerisalo.fi\/en\/hobbies\/","url":"https:\/\/artomerisalo.fi\/en\/hobbies\/","name":"Artomerisalo.fi - Hobbies","isPartOf":{"@id":"https:\/\/artomerisalo.fi\/en\/#website"},"primaryImageOfPage":{"@id":"https:\/\/artomerisalo.fi\/en\/hobbies\/#primaryimage"},"image":{"@id":"https:\/\/artomerisalo.fi\/en\/hobbies\/#primaryimage"},"thumbnailUrl":"https:\/\/artomerisalo.fi\/wp-content\/uploads\/2025\/09\/arto-merisalo_feature-image.jpg","datePublished":"2024-10-17T06:30:48+00:00","dateModified":"2025-09-30T10:10:23+00:00","description":"In winter, I also enjoy Lapland in various forms. In summer, my hobbies include boating, cycling and car trips in Finland and Europe.","breadcrumb":{"@id":"https:\/\/artomerisalo.fi\/en\/hobbies\/#breadcrumb"},"inLanguage":"en-US","potentialAction":[{"@type":"ReadAction","target":["https:\/\/artomerisalo.fi\/en\/hobbies\/"]}]},{"@type":"ImageObject","inLanguage":"en-US","@id":"https:\/\/artomerisalo.fi\/en\/hobbies\/#primaryimage","url":"https:\/\/artomerisalo.fi\/wp-content\/uploads\/2025\/09\/arto-merisalo_feature-image.jpg","contentUrl":"https:\/\/artomerisalo.fi\/wp-content\/uploads\/2025\/09\/arto-merisalo_feature-image.jpg","width":1200,"height":630},{"@type":"BreadcrumbList","@id":"https:\/\/artomerisalo.fi\/en\/hobbies\/#breadcrumb","itemListElement":[{"@type":"ListItem","position":1,"name":"Etusivu","item":"https:\/\/artomerisalo.fi\/en\/home\/"},{"@type":"ListItem","position":2,"name":"Hobbies"}]},{"@type":"WebSite","@id":"https:\/\/artomerisalo.fi\/en\/#website","url":"https:\/\/artomerisalo.fi\/en\/","name":"Artomerisalo.fi","description":"Kiinteist\u00f6kehityksen asiantuntija","potentialAction":[{"@type":"SearchAction","target":{"@type":"EntryPoint","urlTemplate":"https:\/\/artomerisalo.fi\/en\/?s={search_term_string}"},"query-input":{"@type":"PropertyValueSpecification","valueRequired":true,"valueName":"search_term_string"}}],"inLanguage":"en-US"}]}},"_links":{"self":[{"href":"https:\/\/artomerisalo.fi\/en\/wp-json\/wp\/v2\/pages\/267","targetHints":{"allow":["GET"]}}],"collection":[{"href":"https:\/\/artomerisalo.fi\/en\/wp-json\/wp\/v2\/pages"}],"about":[{"href":"https:\/\/artomerisalo.fi\/en\/wp-json\/wp\/v2\/types\/page"}],"author":[{"embeddable":true,"href":"https:\/\/artomerisalo.fi\/en\/wp-json\/wp\/v2\/users\/1"}],"replies":[{"embeddable":true,"href":"https:\/\/artomerisalo.fi\/en\/wp-json\/wp\/v2\/comments?post=267"}],"version-history":[{"count":2,"href":"https:\/\/artomerisalo.fi\/en\/wp-json\/wp\/v2\/pages\/267\/revisions"}],"predecessor-version":[{"id":269,"href":"https:\/\/artomerisalo.fi\/en\/wp-json\/wp\/v2\/pages\/267\/revisions\/269"}],"wp:featuredmedia":[{"embeddable":true,"href":"https:\/\/artomerisalo.fi\/en\/wp-json\/wp\/v2\/media\/203"}],"wp:attachment":[{"href":"https:\/\/artomerisalo.fi\/en\/wp-json\/wp\/v2\/media?parent=267"}],"curies":[{"name":"wp","href":"https:\/\/api.w.org\/{rel}","templated":true}]}}